{"id":589,"date":"2026-01-30T07:35:11","date_gmt":"2026-01-30T07:35:11","guid":{"rendered":"https:\/\/nise81.com\/corp\/sabine\/?page_id=589"},"modified":"2026-03-10T14:45:37","modified_gmt":"2026-03-10T14:45:37","slug":"third-mission","status":"publish","type":"page","link":"https:\/\/nise81.com\/corp\/sabine\/third-mission","title":{"rendered":"Third mission"},"content":{"rendered":"\n<p><strong>Institute of Organic farming, BOKU, at linkedin<\/strong>: <a href=\"https:\/\/at.linkedin.com\/in\/organic-boku\">https:\/\/at.linkedin.com\/in\/organic-boku<\/a><\/p>\n\n\n\n<p>and at <strong>Youtube<\/strong>: <a href=\"https:\/\/www.youtube.com\/user\/oekoland\">https:\/\/www.youtube.com\/user\/oekoland<\/a><\/p>\n\n\n\n<p><strong>Recent podcasts and media<\/strong><\/p>\n\n\n\n<p>Feier &#8220;50 Jahre Biologische Landwirtschaft an der BOKU&#8221; am 9.3.2026: <a href=\"https:\/\/de.linkedin.com\/posts\/thomas-weber-b104bb24a_vor-50-jahren-fand-an-activity-7436878737180213248-SK3R\">https:\/\/de.linkedin.com\/posts\/thomas-weber-b104bb24a_vor-50-jahren-fand-an-activity-7436878737180213248-SK3R<\/a><\/p>\n\n\n\n<p><\/p>\n\n\n\n<p>Podcast Agar Science &#8220;Biolandwirtschaft innerhalb der planetaren Grenzen \u2013 Prof. Sabine Seidel im Gespr\u00e4ch &#8211; 160. Podcast&#8221; <a href=\"https:\/\/raumberg-gumpenstein.at\/forschung\/infothek\/agrar-science-wissen-kompakt\/podcast-videos-aktuelles\/biolandwirtschaft-innerhalb-der-planetaren-grenzen-prof-sabine-seidel-im-gespraech-160-podcast.html\">https:\/\/raumberg-gumpenstein.at\/forschung\/infothek\/agrar-science-wissen-kompakt\/podcast-videos-aktuelles\/biolandwirtschaft-innerhalb-der-planetaren-grenzen-prof-sabine-seidel-im-gespraech-160-podcast.html<\/a><\/p>\n\n\n\n<p>Radio broadcast on \u00d61: &lt;<a href=\"https:\/\/oe1.orf.at\/programm\/20260129\/820204\/Warum-Biologische-Landwirtschaft-gluecklich-macht\">https:\/\/oe1.orf.at\/programm\/20260129\/820204\/Warum-Biologische-Landwirtschaft-gluecklich-macht<\/a>&gt;<\/p>\n\n\n\n<p><\/p>\n\n\n\n<p>Talk at BIO AUSTRIA B\u00e4uerinnen- und Bauerntage 2026 in Puchberg (28.1.2026): &#8220;Klima- und Biodiversit\u00e4tskrise: Was kann die Biologische Landwirtschaft beitragen?&#8221;<\/p>\n\n\n\n<p><\/p>\n\n\n\n<p>2025-06-06&nbsp;&#8220;Neue Bl\u00fcte f\u00fcr den Gemengeanbau &#8220;[Medienbeitrag-Print].&nbsp;<br>bauernzeitung.at see: <a href=\"https:\/\/bauernzeitung.at\/neue-bluete-fuer-den-gemengeanbau\/\">https:\/\/bauernzeitung.at\/neue-bluete-fuer-den-gemengeanbau\/<\/a><br><br>Video on &#8220;Wie k\u00f6nnen Lachgasemissionen aus landwirtschaftlichen B\u00f6den reduziert werden? see <a href=\"https:\/\/www.lap.uni-bonn.de\/de\/forschung\/projekte\/smartman2agement\">https:\/\/www.lap.uni-bonn.de\/de\/forschung\/projekte\/smartman2agement<\/a><\/p>\n\n\n\n<p>Zu viel Regen, zu wenig Wasser?&nbsp; Zu viel Regen, zu wenig Wasser?. gaumenhoch.at [Internet]. 17.03.2025. Verf\u00fcgbar unter: https:\/\/gaumenhoch.at\/wissen\/wasserspeicherfaehigkeit-boden-verbessern\/ 2025-03-17&nbsp; https:\/\/forschung.boku.ac.at\/de\/media\/190155<\/p>\n\n\n\n<p>PhenoRob video on maize-based intercropping providing pollinator fodder: <a href=\"https:\/\/www.youtube.com\/watch?v=9OjkPNyFmX0\">link<\/a><\/p>\n\n\n\n<p>IntercropVALUES video on trial of UniBonn: <a href=\"https:\/\/youtube.com\/watch?v=FXyo5lK15Vc&amp;si=-epL-FkYnAVEz9vt\">link<\/a><\/p>\n\n\n\n<p><\/p>\n\n\n\n<p><strong>Talks<\/strong><\/p>\n\n\n\n<p><\/p>\n\n\n\n<p>Webinar: Mischkulturen im Ackerbau \u2013 Zwischen Biodiversit\u00e4t und Effizienz<br>26. Mai&nbsp;2025 19:00 &#8211; 21:00&nbsp; Title: &#8220;Mischkulturen: Wie k\u00f6nnen wir komplexe Wechselwirkungen besser verstehen?&#8221;&nbsp;<a href=\"https:\/\/oekl.at\/webshop\/zwischen-biodiversitat-und-effizienz2025\/\">https:\/\/oekl.at\/webshop\/zwischen-biodiversitat-und-effizienz2025\/<\/a><br><br>Talk entitled &#8220;Lachgasemissionen im Pflanzenbau: Wie k\u00f6nnen sie durch ein gezieltes Management reduziert werden?&#8221; Feldtag Universit\u00e4t Kassel, Hess. Staatsdom\u00e4ne Frankenhausen, , 3. Juli 2025.<\/p>\n\n\n\n<p>Talk entitled &#8220;Lachgasemissionen im Pflanzenbau: Wie k\u00f6nnen wir sie durch ein gezieltes Management reduzieren?&#8221; Praxisinformationstag Pflanzenbau, HU Berlin, Thyrow, 23.05.2025<\/p>\n\n\n\n<p>Summer school at Wageningen University, NL. Talk on &#8220;Optimal plant trait combinations in intercrops \u2013 a model approach, see <a href=\"https:\/\/pe-rc.nl\/courses-retreats\/advances-intercropping-and-strip-cropping\">https:\/\/pe-rc.nl\/courses-retreats\/advances-intercropping-and-strip-cropping<\/a><\/p>\n\n\n\n<p>Talk&nbsp; &#8220;Modelling approaches for understanding the processes underlying mixture performance and quantifying agroecosystem services&#8221;&nbsp; <a href=\"https:\/\/www.youtube.com\/watch?v=mPo-n1lZGXE&amp;ab_channel=PhenoRob\">https:\/\/www.youtube.com\/watch?v=mPo-n1lZGXE&amp;ab_channel=PhenoRob<\/a><\/p>\n\n\n\n<p><\/p>\n","protected":false},"excerpt":{"rendered":"<p>Institute of Organic farming, BOKU, at linkedin: https:\/\/at.linkedin.com\/in\/organic-boku and at Youtube: https:\/\/www.youtube.com\/user\/oekoland Recent podcasts and media Feier &#8220;50 Jahre Biologische Landwirtschaft an der BOKU&#8221; am 9.3.2026: https:\/\/de.linkedin.com\/posts\/thomas-weber-b104bb24a_vor-50-jahren-fand-an-activity-7436878737180213248-SK3R Podcast Agar Science &#8220;Biolandwirtschaft innerhalb der planetaren Grenzen \u2013 Prof. Sabine Seidel im Gespr\u00e4ch &#8211; 160. Podcast&#8221; https:\/\/raumberg-gumpenstein.at\/forschung\/infothek\/agrar-science-wissen-kompakt\/podcast-videos-aktuelles\/biolandwirtschaft-innerhalb-der-planetaren-grenzen-prof-sabine-seidel-im-gespraech-160-podcast.html Radio broadcast on \u00d61: &lt;https:\/\/oe1.orf.at\/programm\/20260129\/820204\/Warum-Biologische-Landwirtschaft-gluecklich-macht&gt; Talk at BIO AUSTRIA B\u00e4uerinnen- [&hellip;]<\/p>\n","protected":false},"author":1,"featured_media":0,"parent":0,"menu_order":0,"comment_status":"closed","ping_status":"closed","template":"","meta":{"footnotes":""},"class_list":["post-589","page","type-page","status-publish","hentry"],"_links":{"self":[{"href":"https:\/\/nise81.com\/corp\/sabine\/wp-json\/wp\/v2\/pages\/589","targetHints":{"allow":["GET"]}}],"collection":[{"href":"https:\/\/nise81.com\/corp\/sabine\/wp-json\/wp\/v2\/pages"}],"about":[{"href":"https:\/\/nise81.com\/corp\/sabine\/wp-json\/wp\/v2\/types\/page"}],"author":[{"embeddable":true,"href":"https:\/\/nise81.com\/corp\/sabine\/wp-json\/wp\/v2\/users\/1"}],"replies":[{"embeddable":true,"href":"https:\/\/nise81.com\/corp\/sabine\/wp-json\/wp\/v2\/comments?post=589"}],"version-history":[{"count":16,"href":"https:\/\/nise81.com\/corp\/sabine\/wp-json\/wp\/v2\/pages\/589\/revisions"}],"predecessor-version":[{"id":620,"href":"https:\/\/nise81.com\/corp\/sabine\/wp-json\/wp\/v2\/pages\/589\/revisions\/620"}],"wp:attachment":[{"href":"https:\/\/nise81.com\/corp\/sabine\/wp-json\/wp\/v2\/media?parent=589"}],"curies":[{"name":"wp","href":"https:\/\/api.w.org\/{rel}","templated":true}]}}